{"id":39,"date":"2025-06-16T21:18:56","date_gmt":"2025-06-16T21:18:56","guid":{"rendered":"https:\/\/www.monikakurpiewska.com\/?page_id=39"},"modified":"2025-07-10T19:51:46","modified_gmt":"2025-07-10T19:51:46","slug":"jak-pracuje","status":"publish","type":"page","link":"https:\/\/www.monikakurpiewska.com\/index.php\/jak-pracuje\/","title":{"rendered":"Jak pracuj\u0119?"},"content":{"rendered":"\t\t<div data-elementor-type=\"wp-page\" data-elementor-id=\"39\" class=\"elementor elementor-39\" data-elementor-post-type=\"page\">\n\t\t\t\t<div class=\"elementor-element elementor-element-2499e4c e-flex e-con-boxed e-con e-parent\" data-id=\"2499e4c\" data-element_type=\"container\" data-e-type=\"container\">\n\t\t\t\t\t<div class=\"e-con-inner\">\n\t\t<div class=\"elementor-element elementor-element-b7571a3 e-con-full e-flex e-con e-child\" data-id=\"b7571a3\" data-element_type=\"container\" data-e-type=\"container\">\n\t\t\t\t<div class=\"elementor-element elementor-element-9e45e45 elementor-widget elementor-widget-image\" data-id=\"9e45e45\" data-element_type=\"widget\" data-e-type=\"widget\" data-widget_type=\"image.default\">\n\t\t\t\t<div class=\"elementor-widget-container\">\n\t\t\t\t\t\t\t\t\t\t\t\t\t\t\t<img fetchpriority=\"high\" decoding=\"async\" width=\"800\" height=\"912\" src=\"https:\/\/www.monikakurpiewska.com\/wp-content\/uploads\/2025\/06\/8U6A5296-scaled-e1750942566933-898x1024.jpg\" class=\"attachment-large size-large wp-image-110\" alt=\"\" srcset=\"https:\/\/www.monikakurpiewska.com\/wp-content\/uploads\/2025\/06\/8U6A5296-scaled-e1750942566933-898x1024.jpg 898w, https:\/\/www.monikakurpiewska.com\/wp-content\/uploads\/2025\/06\/8U6A5296-scaled-e1750942566933-263x300.jpg 263w, https:\/\/www.monikakurpiewska.com\/wp-content\/uploads\/2025\/06\/8U6A5296-scaled-e1750942566933-768x876.jpg 768w, https:\/\/www.monikakurpiewska.com\/wp-content\/uploads\/2025\/06\/8U6A5296-scaled-e1750942566933-1347x1536.jpg 1347w, https:\/\/www.monikakurpiewska.com\/wp-content\/uploads\/2025\/06\/8U6A5296-scaled-e1750942566933.jpg 1707w\" sizes=\"(max-width: 800px) 100vw, 800px\" \/>\t\t\t\t\t\t\t\t\t\t\t\t\t\t\t<\/div>\n\t\t\t\t<\/div>\n\t\t\t\t<\/div>\n\t\t<div class=\"elementor-element elementor-element-ba50436 e-con-full e-flex e-con e-child\" data-id=\"ba50436\" data-element_type=\"container\" data-e-type=\"container\">\n\t\t\t\t<div class=\"elementor-element elementor-element-99936d1 elementor-widget elementor-widget-heading\" data-id=\"99936d1\" data-element_type=\"widget\" data-e-type=\"widget\" data-widget_type=\"heading.default\">\n\t\t\t\t<div class=\"elementor-widget-container\">\n\t\t\t\t\t<h2 class=\"elementor-heading-title elementor-size-default\">Jak pracuj\u0119?<\/h2>\t\t\t\t<\/div>\n\t\t\t\t<\/div>\n\t\t\t\t<div class=\"elementor-element elementor-element-1c4b548 elementor-widget elementor-widget-text-editor\" data-id=\"1c4b548\" data-element_type=\"widget\" data-e-type=\"widget\" data-widget_type=\"text-editor.default\">\n\t\t\t\t<div class=\"elementor-widget-container\">\n\t\t\t\t\t\t\t\t\t<p>Z moimi klientkami i klientami pracuj\u0119 zar\u00f3wno w formie online jak i stacjonarnej w Warszawie.<\/p>\t\t\t\t\t\t\t\t<\/div>\n\t\t\t\t<\/div>\n\t\t\t\t<div class=\"elementor-element elementor-element-158d3f2 elementor-widget elementor-widget-text-editor\" data-id=\"158d3f2\" data-element_type=\"widget\" data-e-type=\"widget\" data-widget_type=\"text-editor.default\">\n\t\t\t\t<div class=\"elementor-widget-container\">\n\t\t\t\t\t\t\t\t\t<p><strong>Coaching indywidualny &#8211; czego si\u0119 spodziewa\u0107?<\/strong><\/p>\t\t\t\t\t\t\t\t<\/div>\n\t\t\t\t<\/div>\n\t\t\t\t<div class=\"elementor-element elementor-element-8dd3919 elementor-widget elementor-widget-text-editor\" data-id=\"8dd3919\" data-element_type=\"widget\" data-e-type=\"widget\" data-widget_type=\"text-editor.default\">\n\t\t\t\t<div class=\"elementor-widget-container\">\n\t\t\t\t\t\t\t\t\t<p><span style=\"font-weight: 400;\">Ten interaktywny proces wspiera Ciebie w osi\u0105ganiu Twoich cel\u00f3w osobistych, zawodowych lub rozwojowych, a dzieje si\u0119 to poprzez zadawanie pyta\u0144, s\u0142uchanie, udzielanie informacji zwrotnej i stwarzanie przestrzeni do refleksji przez coacha. \u2028\u2028<\/span><\/p><p><span style=\"font-weight: 400;\">Co wa\u017cne \u2013 nie daj\u0119 Ci Tobie gotowych rozwi\u0105za\u0144 ani nie doradzam w spos\u00f3b ekspercki, lecz zamiast tego pomagam odkry\u0107 w\u0142asne zasoby, mo\u017cliwo\u015bci i odpowiedzi.<\/span><\/p><p><span style=\"font-weight: 400;\">\u00a0<\/span><span style=\"font-weight: 400;\">I wreszcie \u2026 ka\u017cdy proces jest inny i ma swoj\u0105 w\u0142asn\u0105 dynamik\u0119 \ud83d\ude42<\/span><\/p>\t\t\t\t\t\t\t\t<\/div>\n\t\t\t\t<\/div>\n\t\t\t\t<\/div>\n\t\t\t\t\t<\/div>\n\t\t\t\t<\/div>\n\t\t<div class=\"elementor-element elementor-element-7d25038 e-flex e-con-boxed e-con e-parent\" data-id=\"7d25038\" data-element_type=\"container\" data-e-type=\"container\">\n\t\t\t\t\t<div class=\"e-con-inner\">\n\t\t\t\t<div class=\"elementor-element elementor-element-415c679 elementor-widget elementor-widget-spacer\" data-id=\"415c679\" data-element_type=\"widget\" data-e-type=\"widget\" data-widget_type=\"spacer.default\">\n\t\t\t\t<div class=\"elementor-widget-container\">\n\t\t\t\t\t\t\t<div class=\"elementor-spacer\">\n\t\t\t<div class=\"elementor-spacer-inner\"><\/div>\n\t\t<\/div>\n\t\t\t\t\t\t<\/div>\n\t\t\t\t<\/div>\n\t\t\t\t<div class=\"elementor-element elementor-element-a113ea8 elementor-widget elementor-widget-heading\" data-id=\"a113ea8\" data-element_type=\"widget\" data-e-type=\"widget\" data-widget_type=\"heading.default\">\n\t\t\t\t<div class=\"elementor-widget-container\">\n\t\t\t\t\t<h2 class=\"elementor-heading-title elementor-size-default\">Jak wygl\u0105da indywidualny proces coachingowy ze mn\u0105?\n\u2028<\/h2>\t\t\t\t<\/div>\n\t\t\t\t<\/div>\n\t\t\t\t\t<\/div>\n\t\t\t\t<\/div>\n\t\t<div class=\"elementor-element elementor-element-f03afc1 e-flex e-con-boxed e-con e-parent\" data-id=\"f03afc1\" data-element_type=\"container\" data-e-type=\"container\">\n\t\t\t\t\t<div class=\"e-con-inner\">\n\t\t\t\t<div class=\"elementor-element elementor-element-32db001 elementor-widget elementor-widget-spacer\" data-id=\"32db001\" data-element_type=\"widget\" data-e-type=\"widget\" data-widget_type=\"spacer.default\">\n\t\t\t\t<div class=\"elementor-widget-container\">\n\t\t\t\t\t\t\t<div class=\"elementor-spacer\">\n\t\t\t<div class=\"elementor-spacer-inner\"><\/div>\n\t\t<\/div>\n\t\t\t\t\t\t<\/div>\n\t\t\t\t<\/div>\n\t\t\t\t\t<\/div>\n\t\t\t\t<\/div>\n\t\t<div class=\"elementor-element elementor-element-bc51eee e-flex e-con-boxed e-con e-parent\" data-id=\"bc51eee\" data-element_type=\"container\" data-e-type=\"container\">\n\t\t\t\t\t<div class=\"e-con-inner\">\n\t\t<div class=\"elementor-element elementor-element-7b35141 e-con-full e-flex e-con e-child\" data-id=\"7b35141\" data-element_type=\"container\" data-e-type=\"container\" data-settings=\"{&quot;background_background&quot;:&quot;classic&quot;}\">\n\t\t\t\t<div class=\"elementor-element elementor-element-28b0bb9 elementor-widget elementor-widget-heading\" data-id=\"28b0bb9\" data-element_type=\"widget\" data-e-type=\"widget\" data-widget_type=\"heading.default\">\n\t\t\t\t<div class=\"elementor-widget-container\">\n\t\t\t\t\t<h2 class=\"elementor-heading-title elementor-size-default\">Pierwsze <p>spotkanie<\/p><\/h2>\t\t\t\t<\/div>\n\t\t\t\t<\/div>\n\t\t\t\t<div class=\"elementor-element elementor-element-a49356c elementor-widget elementor-widget-text-editor\" data-id=\"a49356c\" data-element_type=\"widget\" data-e-type=\"widget\" data-widget_type=\"text-editor.default\">\n\t\t\t\t<div class=\"elementor-widget-container\">\n\t\t\t\t\t\t\t\t\t<p>Spotykamy si\u0119 na 1 zaj\u0119cia, kt\u00f3re maj\u0105 charakter zapoznawczy i pozwalaj\u0105 nam przyjrze\u0107 wst\u0119pnie tematowi, z kt\u00f3rym przychodzisz. Sesja taka trwa 45 minut i jest bezp\u0142atna.<\/p><p>Zasady obowi\u0105zuj\u0105ce w procesie coachingowym s\u0105 szczeg\u00f3\u0142owo omawiane na pierwszym spotkaniu &#8211; jest to doskona\u0142a mo\u017cliwo\u015b\u0107, aby rozwia\u0107 ewentualne w\u0105tpliwo\u015bci oraz om\u00f3wi\u0107 wzajemne potrzeby i oczekiwania.\u2028<\/p>\t\t\t\t\t\t\t\t<\/div>\n\t\t\t\t<\/div>\n\t\t\t\t<\/div>\n\t\t<div class=\"elementor-element elementor-element-1c9432c e-con-full e-flex e-con e-child\" data-id=\"1c9432c\" data-element_type=\"container\" data-e-type=\"container\" data-settings=\"{&quot;background_background&quot;:&quot;classic&quot;}\">\n\t\t\t\t<div class=\"elementor-element elementor-element-0151fa0 elementor-widget elementor-widget-heading\" data-id=\"0151fa0\" data-element_type=\"widget\" data-e-type=\"widget\" data-widget_type=\"heading.default\">\n\t\t\t\t<div class=\"elementor-widget-container\">\n\t\t\t\t\t<h2 class=\"elementor-heading-title elementor-size-default\">Cykl spotka\u0144 <p>coachingowych<\/p><\/h2>\t\t\t\t<\/div>\n\t\t\t\t<\/div>\n\t\t\t\t<div class=\"elementor-element elementor-element-d4fb157 elementor-widget elementor-widget-text-editor\" data-id=\"d4fb157\" data-element_type=\"widget\" data-e-type=\"widget\" data-widget_type=\"text-editor.default\">\n\t\t\t\t<div class=\"elementor-widget-container\">\n\t\t\t\t\t\t\t\t\t<p>Dopiero po tym spotkaniu &#8211; gdy wiemy ju\u017c, czy b\u0119dziemy chcie\u0107 ze sob\u0105 wsp\u00f3\u0142pracowa\u0107 i w jakim rytmie &#8211; umawiamy si\u0119 na sesj\u0119 4-10 spotka\u0144. Sesje odbywaj\u0105 si\u0119 regularnie, zazwyczaj co 1\u20132 tygodnie, i trwaj\u0105 60\u201390 minut.<\/p><p>Ich ilo\u015b\u0107 i cz\u0119stotliwo\u015b\u0107 ustalamy w zale\u017cno\u015bci od Twoich konkretnych potrzeb. W procesie coachingowym wa\u017cne jest nie tylko to, co wydarza si\u0119 w trakcie naszych spotka\u0144, ale tak\u017ce pomi\u0119dzy &#8211; zatem mi\u0119dzy sesjami mo\u017cna spodziewa\u0107 si\u0119 ode mnie r\u00f3\u017cnorodnych zada\u0144 do wykonania.\u2028<\/p>\t\t\t\t\t\t\t\t<\/div>\n\t\t\t\t<\/div>\n\t\t\t\t<\/div>\n\t\t<div class=\"elementor-element elementor-element-50a19e2 e-con-full e-flex e-con e-child\" data-id=\"50a19e2\" data-element_type=\"container\" data-e-type=\"container\" data-settings=\"{&quot;background_background&quot;:&quot;classic&quot;}\">\n\t\t\t\t<div class=\"elementor-element elementor-element-9bfe3e7 elementor-widget elementor-widget-heading\" data-id=\"9bfe3e7\" data-element_type=\"widget\" data-e-type=\"widget\" data-widget_type=\"heading.default\">\n\t\t\t\t<div class=\"elementor-widget-container\">\n\t\t\t\t\t<h2 class=\"elementor-heading-title elementor-size-default\">Ewaluacja i <p>zako\u0144czenie procesu<\/h2>\t\t\t\t<\/div>\n\t\t\t\t<\/div>\n\t\t\t\t<div class=\"elementor-element elementor-element-a42872c elementor-widget elementor-widget-text-editor\" data-id=\"a42872c\" data-element_type=\"widget\" data-e-type=\"widget\" data-widget_type=\"text-editor.default\">\n\t\t\t\t<div class=\"elementor-widget-container\">\n\t\t\t\t\t\t\t\t\t<p>Zako\u0144czenie procesu coachingowego jest mo\u017cliwe w trakcie ca\u0142ego cyklu &#8211; to Ty decydujesz, czy proces ten jest dla Ciebie pomocny i skutecznie wspiera Ci\u0119 w osi\u0105gni\u0119ciu Twoich cel\u00f3w.<\/p><p>Post\u0119py mierzymy na bie\u017c\u0105co, co pomaga nam korygowa\u0107 tempo i kurs rozwoju. Tym co odr\u00f3\u017cnia proces coachingowy od procesu terapeutycznego jest m.in. jego skupienie na konkretnym celu.\u00a0\u2028<\/p>\t\t\t\t\t\t\t\t<\/div>\n\t\t\t\t<\/div>\n\t\t\t\t<\/div>\n\t\t\t\t\t<\/div>\n\t\t\t\t<\/div>\n\t\t<div class=\"elementor-element elementor-element-538655f e-flex e-con-boxed e-con e-parent\" data-id=\"538655f\" data-element_type=\"container\" data-e-type=\"container\">\n\t\t\t\t\t<div class=\"e-con-inner\">\n\t\t\t\t<div class=\"elementor-element elementor-element-77ce5db elementor-widget elementor-widget-spacer\" data-id=\"77ce5db\" data-element_type=\"widget\" data-e-type=\"widget\" data-widget_type=\"spacer.default\">\n\t\t\t\t<div class=\"elementor-widget-container\">\n\t\t\t\t\t\t\t<div class=\"elementor-spacer\">\n\t\t\t<div class=\"elementor-spacer-inner\"><\/div>\n\t\t<\/div>\n\t\t\t\t\t\t<\/div>\n\t\t\t\t<\/div>\n\t\t\t\t<div class=\"elementor-element elementor-element-fb10eb5 elementor-widget elementor-widget-heading\" data-id=\"fb10eb5\" data-element_type=\"widget\" data-e-type=\"widget\" data-widget_type=\"heading.default\">\n\t\t\t\t<div class=\"elementor-widget-container\">\n\t\t\t\t\t<h2 class=\"elementor-heading-title elementor-size-default\">Zapisz si\u0119 na sesj\u0119 indywidualn\u0105 online lub stacjonarnie (Warszawa).<\/h2>\t\t\t\t<\/div>\n\t\t\t\t<\/div>\n\t\t\t\t\t<\/div>\n\t\t\t\t<\/div>\n\t\t<div class=\"elementor-element elementor-element-100133b e-flex e-con-boxed e-con e-parent\" data-id=\"100133b\" data-element_type=\"container\" data-e-type=\"container\">\n\t\t\t\t\t<div class=\"e-con-inner\">\n\t\t\t\t<div class=\"elementor-element elementor-element-9ebdc7d elementor-align-center elementor-widget elementor-widget-button\" data-id=\"9ebdc7d\" data-element_type=\"widget\" data-e-type=\"widget\" data-widget_type=\"button.default\">\n\t\t\t\t<div class=\"elementor-widget-container\">\n\t\t\t\t\t\t\t\t\t<div class=\"elementor-button-wrapper\">\n\t\t\t\t\t<a class=\"elementor-button elementor-button-link elementor-size-sm\" href=\"https:\/\/www.monikakurpiewska.com\/index.php\/kontakt\/\">\n\t\t\t\t\t\t<span class=\"elementor-button-content-wrapper\">\n\t\t\t\t\t\t\t\t\t<span class=\"elementor-button-text\">Skontaktuj si\u0119\u00a0ze mn\u0105<\/span>\n\t\t\t\t\t<\/span>\n\t\t\t\t\t<\/a>\n\t\t\t\t<\/div>\n\t\t\t\t\t\t\t\t<\/div>\n\t\t\t\t<\/div>\n\t\t\t\t<div class=\"elementor-element elementor-element-076f37d elementor-widget elementor-widget-spacer\" data-id=\"076f37d\" data-element_type=\"widget\" data-e-type=\"widget\" data-widget_type=\"spacer.default\">\n\t\t\t\t<div class=\"elementor-widget-container\">\n\t\t\t\t\t\t\t<div class=\"elementor-spacer\">\n\t\t\t<div class=\"elementor-spacer-inner\"><\/div>\n\t\t<\/div>\n\t\t\t\t\t\t<\/div>\n\t\t\t\t<\/div>\n\t\t\t\t\t<\/div>\n\t\t\t\t<\/div>\n\t\t\t\t<\/div>\n\t\t","protected":false},"excerpt":{"rendered":"<p>Jak pracuj\u0119? Z moimi klientkami i klientami pracuj\u0119 zar\u00f3wno w formie online jak i stacjonarnej w Warszawie. Coaching indywidualny &#8211; czego si\u0119 spodziewa\u0107? Ten interaktywny proces wspiera Ciebie w osi\u0105ganiu Twoich cel\u00f3w osobistych, zawodowych lub rozwojowych, a dzieje si\u0119 to poprzez zadawanie pyta\u0144, s\u0142uchanie, udzielanie informacji zwrotnej i stwarzanie przestrzeni do refleksji przez coacha. \u2028\u2028 [&hellip;]<\/p>\n","protected":false},"author":1,"featured_media":0,"parent":0,"menu_order":0,"comment_status":"closed","ping_status":"closed","template":"","meta":{"footnotes":""},"class_list":["post-39","page","type-page","status-publish","hentry"],"_links":{"self":[{"href":"https:\/\/www.monikakurpiewska.com\/index.php\/wp-json\/wp\/v2\/pages\/39","targetHints":{"allow":["GET"]}}],"collection":[{"href":"https:\/\/www.monikakurpiewska.com\/index.php\/wp-json\/wp\/v2\/pages"}],"about":[{"href":"https:\/\/www.monikakurpiewska.com\/index.php\/wp-json\/wp\/v2\/types\/page"}],"author":[{"embeddable":true,"href":"https:\/\/www.monikakurpiewska.com\/index.php\/wp-json\/wp\/v2\/users\/1"}],"replies":[{"embeddable":true,"href":"https:\/\/www.monikakurpiewska.com\/index.php\/wp-json\/wp\/v2\/comments?post=39"}],"version-history":[{"count":94,"href":"https:\/\/www.monikakurpiewska.com\/index.php\/wp-json\/wp\/v2\/pages\/39\/revisions"}],"predecessor-version":[{"id":1192,"href":"https:\/\/www.monikakurpiewska.com\/index.php\/wp-json\/wp\/v2\/pages\/39\/revisions\/1192"}],"wp:attachment":[{"href":"https:\/\/www.monikakurpiewska.com\/index.php\/wp-json\/wp\/v2\/media?parent=39"}],"curies":[{"name":"wp","href":"https:\/\/api.w.org\/{rel}","templated":true}]}}